{"id":662,"date":"2015-02-10T19:21:19","date_gmt":"2015-02-10T19:21:19","guid":{"rendered":"http:\/\/avada.theme-fusion.com_demos\/architecture\/?page_id=9"},"modified":"2017-02-23T06:21:05","modified_gmt":"2017-02-23T06:21:05","slug":"about","status":"publish","type":"page","link":"https:\/\/metallbau-kral.de\/?page_id=662","title":{"rendered":"\u00dcber uns"},"content":{"rendered":"<div class=\"fusion-fullwidth fullwidth-box fusion-builder-row-1 nonhundred-percent-fullwidth non-hundred-percent-height-scrolling\" style=\"background-color: rgba(255,255,255,0);background-position: left top;background-repeat: no-repeat;padding-top:150px;padding-right:0px;padding-bottom:150px;padding-left:0px;margin-bottom: 0px;margin-top: 0px;border-width: 0px 0px 0px 0px;border-color:#eae9e9;border-style:solid;\" ><div class=\"fusion-builder-row fusion-row\"><div class=\"fusion-layout-column fusion_builder_column fusion-builder-column-0 fusion_builder_column_1_2 1_2 fusion-one-half fusion-column-first\" style=\"width:48%; margin-right: 4%;margin-top:0px;margin-bottom:20px;\"><div class=\"fusion-column-wrapper fusion-flex-column-wrapper-legacy\" style=\"background-position:left top;background-repeat:no-repeat;-webkit-background-size:cover;-moz-background-size:cover;-o-background-size:cover;background-size:cover;padding: 0px 0px 0px 0px;\"><div class=\"fusion-text fusion-text-1\"><h2>\u00dcber uns<\/h2>\n<\/div><div class=\"fusion-sep-clear\"><\/div><div class=\"fusion-separator fusion-clearfix\" style=\"float:left;margin-top:0px;margin-bottom:35px;width:100%;max-width:170px;\"><div class=\"fusion-separator-border sep-single sep-solid\" style=\"border-color:#e2e3e8;border-top-width:3px;\"><\/div><\/div><div class=\"fusion-sep-clear\"><\/div><div class=\"fusion-text fusion-text-2\"><h3>Planung, Fertigung und Montage &#8211;<br \/>\nein Ansprechpartner f\u00fcr alles<\/h3>\n<\/div><div class=\"fusion-text fusion-text-3\"><p>Wir sind im Raum Burgoberbach und Umgebung f\u00fcr Sie t\u00e4tig.<br \/>\nUnser Leistungsspektrum umfasst:<\/p>\n<p>\u2013 Metallbauarbeiten<br \/>\n\u2013 Gel\u00e4nder, Treppen, \u00dcberdachungen<br \/>\n\u2013 Stahlbearbeitung &amp; Blechbearbeitung<br \/>\n\u2013 Metallkonstruktionen &amp; Stahlbaukonstruktionen<br \/>\n\u2013 Vord\u00e4cher<br \/>\n\u2013 Schwei\u00dfarbeiten<\/p>\n<p>Einen ersten Eindruck \u00fcber unsere Arbeit finden\u00a0Sie\u00a0unter dem Menupunkt Leistungen.<\/p>\n<\/div><div class=\"fusion-clearfix\"><\/div><\/div><\/div><div class=\"fusion-layout-column fusion_builder_column fusion-builder-column-1 fusion_builder_column_1_2 1_2 fusion-one-half fusion-column-last\" style=\"width:48%;margin-top:0px;margin-bottom:20px;\"><div class=\"fusion-column-wrapper fusion-flex-column-wrapper-legacy\" style=\"background-position:left top;background-repeat:no-repeat;-webkit-background-size:cover;-moz-background-size:cover;-o-background-size:cover;background-size:cover;padding: 0px 0px 0px 0px;\"><span class=\" fusion-imageframe imageframe-none imageframe-1 hover-type-zoomin fusion-animated\" data-animationType=\"fadeInDown\" data-animationDuration=\"1\" data-animationOffset=\"100%\"><a href=\"https:\/\/metallbau-kral.de\/wp-content\/uploads\/2017\/02\/Bild20_kral_72dpi-1024x683.jpg\" class=\"fusion-lightbox\" data-rel=\"iLightbox[396273dcc5905c5b33c]\" data-title=\"Bild20_kral_72dpi\" title=\"Bild20_kral_72dpi\"><img width=\"1024\" image_height=\"683\" image_id=\"941\" src=\"https:\/\/metallbau-kral.de\/wp-content\/uploads\/2017\/02\/Bild20_kral_72dpi-1024x683.jpg\" class=\"img-responsive wp-image-941\" srcset=\"https:\/\/metallbau-kral.de\/wp-content\/uploads\/2017\/02\/Bild20_kral_72dpi-200x133.jpg 200w, https:\/\/metallbau-kral.de\/wp-content\/uploads\/2017\/02\/Bild20_kral_72dpi-400x267.jpg 400w, https:\/\/metallbau-kral.de\/wp-content\/uploads\/2017\/02\/Bild20_kral_72dpi-600x400.jpg 600w, https:\/\/metallbau-kral.de\/wp-content\/uploads\/2017\/02\/Bild20_kral_72dpi-800x533.jpg 800w, https:\/\/metallbau-kral.de\/wp-content\/uploads\/2017\/02\/Bild20_kral_72dpi-1200x800.jpg 1200w\" sizes=\"(max-width: 800px) 100vw, 600px\" \/><\/a><\/span><div class=\"fusion-sep-clear\"><\/div><div class=\"fusion-separator fusion-full-width-sep\" style=\"margin-left: auto;margin-right: auto;margin-top:40px;width:100%;\"><\/div><div class=\"fusion-sep-clear\"><\/div><div class=\"fusion-text fusion-text-4\"><p>F\u00fcr weitere Informationen und bei offenen Fragen, melden Sie sich einfach<br \/>\ntelefonisch bei uns. Wir freuen uns auf Ihren Auftrag und auf eine gute<br \/>\nZusammenarbeit.<\/p>\n<\/div><div class=\"fusion-clearfix\"><\/div><\/div><\/div><\/div><\/div>\n","protected":false},"excerpt":{"rendered":"\u00dcber uns Planung, Fertigung und Montage - ein Ansprechpartner f\u00fcr alles Wir sind im Raum Burgoberbach und Umgebung f\u00fcr Sie t\u00e4tig. Unser Leistungsspektrum umfasst: \u2013 Metallbauarbeiten \u2013 Gel\u00e4nder, Treppen, \u00dcberdachungen \u2013 Stahlbearbeitung &amp; Blechbearbeitung \u2013 Metallkonstruktionen &amp; Stahlbaukonstruktionen \u2013 Vord\u00e4cher \u2013 Schwei\u00dfarbeiten Einen ersten Eindruck \u00fcber unsere Arbeit finden\u00a0Sie\u00a0unter dem Menupunkt Leistungen. F\u00fcr weitere Informationen [...]","protected":false},"author":1,"featured_media":0,"parent":0,"menu_order":0,"comment_status":"closed","ping_status":"open","template":"100-width.php","meta":[],"_links":{"self":[{"href":"https:\/\/metallbau-kral.de\/index.php?rest_route=\/wp\/v2\/pages\/662"}],"collection":[{"href":"https:\/\/metallbau-kral.de\/index.php?rest_route=\/wp\/v2\/pages"}],"about":[{"href":"https:\/\/metallbau-kral.de\/index.php?rest_route=\/wp\/v2\/types\/page"}],"author":[{"embeddable":true,"href":"https:\/\/metallbau-kral.de\/index.php?rest_route=\/wp\/v2\/users\/1"}],"replies":[{"embeddable":true,"href":"https:\/\/metallbau-kral.de\/index.php?rest_route=%2Fwp%2Fv2%2Fcomments&post=662"}],"version-history":[{"count":12,"href":"https:\/\/metallbau-kral.de\/index.php?rest_route=\/wp\/v2\/pages\/662\/revisions"}],"predecessor-version":[{"id":1092,"href":"https:\/\/metallbau-kral.de\/index.php?rest_route=\/wp\/v2\/pages\/662\/revisions\/1092"}],"wp:attachment":[{"href":"https:\/\/metallbau-kral.de\/index.php?rest_route=%2Fwp%2Fv2%2Fmedia&parent=662"}],"curies":[{"name":"wp","href":"https:\/\/api.w.org\/{rel}","templated":true}]}}